{"id":24237,"date":"2013-11-21T12:29:10","date_gmt":"2013-11-21T11:29:10","guid":{"rendered":"https:\/\/primatoscana.no\/kontakt\/"},"modified":"2025-08-27T12:15:40","modified_gmt":"2025-08-27T10:15:40","slug":"contact","status":"publish","type":"page","link":"https:\/\/primatoscana.no\/en\/contact\/","title":{"rendered":"Contact"},"content":{"rendered":"\n<div class=\"wp-block-columns is-layout-flex wp-container-core-columns-is-layout-9d6595d7 wp-block-columns-is-layout-flex\">\n<div class=\"wp-block-column is-layout-flow wp-block-column-is-layout-flow\">\n<h3 class=\"wp-block-heading\">All types of questions<\/h3>\n\n\n\n<p>We respond to whether the accommodation is available during the period you require. We answer all types of questions and can provide a lot of information. We promise to provide quick feedback.<\/p>\n\n\n\n<h4 class=\"wp-block-heading\">Cecilie +47 957 01 671<\/h4>\n\n\n\n<p><a href=\"mailto:%20cecilie@primatoscana.com\">cecilie@primatoscana.com<\/a><\/p>\n\n\n\n<h4 class=\"wp-block-heading\">Knut +47 920 37 848<\/h4>\n\n\n\n<p><a href=\"mailto:%20knut@primatoscana.com\">knut@primatoscana.com<\/a><\/p>\n\n\n\n<h3 class=\"wp-block-heading\">Primatoscana AS<\/h3>\n\n\n\n<p>Stockflethsgate 4, 3210 Sandefjord, NORWAY<\/p>\n\n\n\n<h3 class=\"wp-block-heading mt-4\">We look forward to helping you!<\/h3>\n\n\n\n<p>Enter your name, e-mail address and mobile number and we will respond promptly.<\/p>\n\n\n<script>\nvar gform;gform||(document.addEventListener(\"gform_main_scripts_loaded\",function(){gform.scriptsLoaded=!0}),document.addEventListener(\"gform\/theme\/scripts_loaded\",function(){gform.themeScriptsLoaded=!0}),window.addEventListener(\"DOMContentLoaded\",function(){gform.domLoaded=!0}),gform={domLoaded:!1,scriptsLoaded:!1,themeScriptsLoaded:!1,isFormEditor:()=>\"function\"==typeof InitializeEditor,callIfLoaded:function(o){return!(!gform.domLoaded||!gform.scriptsLoaded||!gform.themeScriptsLoaded&&!gform.isFormEditor()||(gform.isFormEditor()&&console.warn(\"The use of gform.initializeOnLoaded() is deprecated in the form editor context and will be removed in Gravity Forms 3.1.\"),o(),0))},initializeOnLoaded:function(o){gform.callIfLoaded(o)||(document.addEventListener(\"gform_main_scripts_loaded\",()=>{gform.scriptsLoaded=!0,gform.callIfLoaded(o)}),document.addEventListener(\"gform\/theme\/scripts_loaded\",()=>{gform.themeScriptsLoaded=!0,gform.callIfLoaded(o)}),window.addEventListener(\"DOMContentLoaded\",()=>{gform.domLoaded=!0,gform.callIfLoaded(o)}))},hooks:{action:{},filter:{}},addAction:function(o,r,e,t){gform.addHook(\"action\",o,r,e,t)},addFilter:function(o,r,e,t){gform.addHook(\"filter\",o,r,e,t)},doAction:function(o){gform.doHook(\"action\",o,arguments)},applyFilters:function(o){return gform.doHook(\"filter\",o,arguments)},removeAction:function(o,r){gform.removeHook(\"action\",o,r)},removeFilter:function(o,r,e){gform.removeHook(\"filter\",o,r,e)},addHook:function(o,r,e,t,n){null==gform.hooks[o][r]&&(gform.hooks[o][r]=[]);var d=gform.hooks[o][r];null==n&&(n=r+\"_\"+d.length),gform.hooks[o][r].push({tag:n,callable:e,priority:t=null==t?10:t})},doHook:function(r,o,e){var t;if(e=Array.prototype.slice.call(e,1),null!=gform.hooks[r][o]&&((o=gform.hooks[r][o]).sort(function(o,r){return o.priority-r.priority}),o.forEach(function(o){\"function\"!=typeof(t=o.callable)&&(t=window[t]),\"action\"==r?t.apply(null,e):e[0]=t.apply(null,e)})),\"filter\"==r)return e[0]},removeHook:function(o,r,t,n){var e;null!=gform.hooks[o][r]&&(e=(e=gform.hooks[o][r]).filter(function(o,r,e){return!!(null!=n&&n!=o.tag||null!=t&&t!=o.priority)}),gform.hooks[o][r]=e)}});\n<\/script>\n\n                <div class='gf_browser_gecko gform_wrapper gravity-theme gform-theme--no-framework prima-contact-form-2025_wrapper' data-form-theme='gravity-theme' data-form-index='0' id='gform_wrapper_15' >\n                        <div class='gform_heading'>\n                            <h2 class=\"gform_title\">Kontakt 2025<\/h2>\n                            <p class='gform_description'><\/p>\n\t\t\t\t\t\t\t<p class='gform_required_legend'>&quot;<span class=\"gfield_required gfield_required_asterisk\">*<\/span>&quot; indicates required fields<\/p>\n                        <\/div><form method='post' enctype='multipart\/form-data'  id='gform_15' class='prima-contact-form-2025' action='\/en\/wp-json\/wp\/v2\/pages\/24237' data-formid='15' novalidate><div class='gf_invisible ginput_recaptchav3' data-sitekey='6LdjO9cqAAAAAB35B2L2WhCB_ssUWiebXi4-GN55' data-tabindex='0'><input id=\"input_4c80892ff0f822fe0a44d9d3abb0470e\" class=\"gfield_recaptcha_response\" type=\"hidden\" name=\"input_4c80892ff0f822fe0a44d9d3abb0470e\" value=\"\"\/><\/div>\n                        <div class='gform-body gform_body'><div id='gform_fields_15' class='gform_fields top_label form_sublabel_below description_below validation_below'><fieldset id=\"field_15_1\" class=\"gfield gfield--type-name gfield--input-type-name gfield_contains_required field_sublabel_below gfield--no-description field_description_below field_validation_below gfield_visibility_visible\"  ><legend class='gfield_label gform-field-label gfield_label_before_complex' >Name<span class=\"gfield_required\"><span class=\"gfield_required gfield_required_asterisk\">*<\/span><\/span><\/legend><div class='ginput_complex ginput_container ginput_container--name no_prefix has_first_name no_middle_name no_last_name no_suffix gf_name_has_1 ginput_container_name gform-grid-row' id='input_15_1'>\n                            \n                            <span id='input_15_1_3_container' class='name_first gform-grid-col gform-grid-col--size-auto' >\n                                                    <input class='form-control' type='text' name='input_1.3' id='input_15_1_3' value=''   aria-required='true'     \/>\n                                                    <label for='input_15_1_3' class='gform-field-label gform-field-label--type-sub '>Full Name<\/label>\n                                                <\/span>\n                            \n                            \n                            \n                        <\/div><\/fieldset><div id=\"field_15_3\" class=\"gfield gfield--type-email gfield--input-type-email gfield_contains_required field_sublabel_below gfield--no-description field_description_below field_validation_below gfield_visibility_visible\"  ><label class='gfield_label gform-field-label' for='input_15_3'>E-mail<span class=\"gfield_required\"><span class=\"gfield_required gfield_required_asterisk\">*<\/span><\/span><\/label><div class='ginput_container ginput_container_email'>\n                            <input name='input_3' id='input_15_3' type='email' value='' class='form-control large'    aria-required=\"true\" aria-invalid=\"false\"  \/>\n                        <\/div><\/div><div id=\"field_15_4\" class=\"gfield gfield--type-textarea gfield--input-type-textarea field_sublabel_below gfield--no-description field_description_below field_validation_below gfield_visibility_visible\"  ><label class='gfield_label gform-field-label' for='input_15_4'>Message<\/label><div class='ginput_container ginput_container_textarea'><textarea name='input_4' id='input_15_4' class='form-control textarea large'      aria-invalid=\"false\"   rows='10' cols='50'><\/textarea><\/div><\/div><fieldset id=\"field_15_5\" class=\"gfield gfield--type-checkbox gfield--type-choice gfield--input-type-checkbox field_sublabel_below gfield--no-description field_description_below field_validation_below gfield_visibility_visible\"  ><legend class='gfield_label gform-field-label gfield_label_before_complex' >Newsletter<\/legend><div class='ginput_container ginput_container_checkbox'><div class='gfield_checkbox ' id='input_15_5'><div class='gchoice gchoice_15_5_1'>\n\t\t\t\t\t\t\t\t<input style='margin-left:1px;' class='gfield-choice-input' name='input_5.1' type='checkbox'  value='Want to receive' checked='checked' id='choice_15_5_1'   \/>\n\t\t\t\t\t\t\t\t<label for='choice_15_5_1' id='label_15_5_1' class='gform-field-label gform-field-label--type-inline'>Yes, I want to receive the Newsletter<\/label>\n\t\t\t\t\t\t\t<\/div><\/div><\/div><\/fieldset><fieldset id=\"field_15_6\" class=\"gfield gfield--type-consent gfield--type-choice gfield--input-type-consent gfield_contains_required field_sublabel_below gfield--has-description field_description_below field_validation_below gfield_visibility_visible\"  ><legend class='gfield_label gform-field-label gfield_label_before_complex' >Consent in data storage (GDPR)<span class=\"gfield_required\"><span class=\"gfield_required gfield_required_asterisk\">*<\/span><\/span><\/legend><div class='ginput_container ginput_container_consent'><input name='input_6.1' id='input_15_6_1' type='checkbox' value='1'  aria-describedby=\"gfield_consent_description_15_6\" aria-required=\"true\" aria-invalid=\"false\"   \/> <label class=\"gform-field-label gform-field-label--type-inline gfield_consent_label\" for='input_15_6_1' >I give my consent<\/label><input type='hidden' name='input_6.2' value='I give my consent' class='gform_hidden' \/><input type='hidden' name='input_6.3' value='9' class='gform_hidden' \/><\/div><div class='gfield_description gfield_consent_description' id='gfield_consent_description_15_6' tabindex='0'> I agree that Primatoscana AS can process my data according to their <a target=\"_blank\" href=\"https:\/\/primatoscana.no\/en\/privacy-policy\/\">privacy statement<\/a><\/div><\/fieldset><\/div><\/div>\n        <div class='gform-footer gform_footer top_label'> <button class='button gform_button btn btn-sm btn-outline-primary text-uppercase rounded-3' id='gform_submit_button_15'>Send<\/button> \n            <input type='hidden' class='gform_hidden' name='gform_submission_method' data-js='gform_submission_method_15' value='postback' \/>\n            <input type='hidden' class='gform_hidden' name='gform_theme' data-js='gform_theme_15' id='gform_theme_15' value='gravity-theme' \/>\n            <input type='hidden' class='gform_hidden' name='gform_style_settings' data-js='gform_style_settings_15' id='gform_style_settings_15' value='{&quot;inputPrimaryColor&quot;:&quot;#204ce5&quot;}' \/>\n            <input type='hidden' class='gform_hidden' name='is_submit_15' value='1' \/>\n            <input type='hidden' class='gform_hidden' name='gform_submit' value='15' \/>\n            \n            <input type='hidden' class='gform_hidden' name='gform_currency' data-currency='USD' value='HNbjj3PsQ7hsGsvXNGfMAAlQKjRIjrSnj8YxWmTtO2TV709XHMqE9TcPYJIV9AjZ0YLtI5L2oSPPKNSxWMoJY0n3h7tBm4EKKkQ1Km2uec\/9yRo=' \/>\n            <input type='hidden' class='gform_hidden' name='gform_unique_id' value='' \/>\n            <input type='hidden' class='gform_hidden' name='state_15' value='WyJ7XCI1LjFcIjpcIjczNmY1MzU3OGJlYTkzMmUzYmFhN2NiMzM4MTU0NDU2XCIsXCI2LjFcIjpcIjI1OTVkODNlODczMDk3ZjAwYzNlZTc3YzU2MTQwMzE0XCIsXCI2LjJcIjpcIjk2OTZhMGM5NzVhZTExMmQyMDEzNTJhMTIyYjdjNDMyXCIsXCI2LjNcIjpcImI5OWY2YTcyM2NhN2E5OWE5MGRkMjY5MjY0NGQ0ZmUzXCJ9IiwiNDhhMjUwOWVhOTQxNDEyNTdlNjJhODZmNmNlZGQ1OWYiXQ==' \/>\n            <input type='hidden' autocomplete='off' class='gform_hidden' name='gform_target_page_number_15' id='gform_target_page_number_15' value='0' \/>\n            <input type='hidden' autocomplete='off' class='gform_hidden' name='gform_source_page_number_15' id='gform_source_page_number_15' value='1' \/>\n            <input type='hidden' name='gform_field_values' value='' \/>\n            \n        <\/div>\n                        <p style=\"display: none !important;\" class=\"akismet-fields-container\" data-prefix=\"ak_\"><label>&#916;<textarea name=\"ak_hp_textarea\" cols=\"45\" rows=\"8\" maxlength=\"100\"><\/textarea><\/label><input type=\"hidden\" id=\"ak_js_1\" name=\"ak_js\" value=\"143\"\/><script>document.getElementById( \"ak_js_1\" ).setAttribute( \"value\", ( new Date() ).getTime() );<\/script><\/p><\/form>\n                        <\/div><script>\ngform.initializeOnLoaded( function() {gformInitSpinner( 15, 'https:\/\/primatoscana.no\/wp-content\/plugins\/gravityforms\/images\/spinner.svg', true );jQuery('#gform_ajax_frame_15').on('load',function(){var contents = jQuery(this).contents().find('*').html();var is_postback = contents.indexOf('GF_AJAX_POSTBACK') >= 0;if(!is_postback){return;}var form_content = jQuery(this).contents().find('#gform_wrapper_15');var is_confirmation = jQuery(this).contents().find('#gform_confirmation_wrapper_15').length > 0;var is_redirect = contents.indexOf('gformRedirect(){') >= 0;var is_form = form_content.length > 0 && ! is_redirect && ! is_confirmation;var mt = parseInt(jQuery('html').css('margin-top'), 10) + parseInt(jQuery('body').css('margin-top'), 10) + 100;if(is_form){jQuery('#gform_wrapper_15').html(form_content.html());if(form_content.hasClass('gform_validation_error')){jQuery('#gform_wrapper_15').addClass('gform_validation_error');} else {jQuery('#gform_wrapper_15').removeClass('gform_validation_error');}setTimeout( function() { \/* delay the scroll by 50 milliseconds to fix a bug in chrome *\/  }, 50 );if(window['gformInitDatepicker']) {gformInitDatepicker();}if(window['gformInitPriceFields']) {gformInitPriceFields();}var current_page = jQuery('#gform_source_page_number_15').val();gformInitSpinner( 15, 'https:\/\/primatoscana.no\/wp-content\/plugins\/gravityforms\/images\/spinner.svg', true );jQuery(document).trigger('gform_page_loaded', [15, current_page]);window['gf_submitting_15'] = false;}else if(!is_redirect){var confirmation_content = jQuery(this).contents().find('.GF_AJAX_POSTBACK').html();if(!confirmation_content){confirmation_content = contents;}jQuery('#gform_wrapper_15').replaceWith(confirmation_content);jQuery(document).trigger('gform_confirmation_loaded', [15]);window['gf_submitting_15'] = false;wp.a11y.speak(jQuery('#gform_confirmation_message_15').text());}else{jQuery('#gform_15').append(contents);if(window['gformRedirect']) {gformRedirect();}}jQuery(document).trigger(\"gform_pre_post_render\", [{ formId: \"15\", currentPage: \"current_page\", abort: function() { this.preventDefault(); } }]);        if (event && event.defaultPrevented) {                return;        }        const gformWrapperDiv = document.getElementById( \"gform_wrapper_15\" );        if ( gformWrapperDiv ) {            const visibilitySpan = document.createElement( \"span\" );            visibilitySpan.id = \"gform_visibility_test_15\";            gformWrapperDiv.insertAdjacentElement( \"afterend\", visibilitySpan );        }        const visibilityTestDiv = document.getElementById( \"gform_visibility_test_15\" );        let postRenderFired = false;        function triggerPostRender() {            if ( postRenderFired ) {                return;            }            postRenderFired = true;            gform.core.triggerPostRenderEvents( 15, current_page );            if ( visibilityTestDiv ) {                visibilityTestDiv.parentNode.removeChild( visibilityTestDiv );            }        }        function debounce( func, wait, immediate ) {            var timeout;            return function() {                var context = this, args = arguments;                var later = function() {                    timeout = null;                    if ( !immediate ) func.apply( context, args );                };                var callNow = immediate && !timeout;                clearTimeout( timeout );                timeout = setTimeout( later, wait );                if ( callNow ) func.apply( context, args );            };        }        const debouncedTriggerPostRender = debounce( function() {            triggerPostRender();        }, 200 );        if ( visibilityTestDiv && visibilityTestDiv.offsetParent === null ) {            const observer = new MutationObserver( ( mutations ) => {                mutations.forEach( ( mutation ) => {                    if ( mutation.type === 'attributes' && visibilityTestDiv.offsetParent !== null ) {                        debouncedTriggerPostRender();                        observer.disconnect();                    }                });            });            observer.observe( document.body, {                attributes: true,                childList: false,                subtree: true,                attributeFilter: [ 'style', 'class' ],            });        } else {            triggerPostRender();        }    } );} );\n<\/script>\n<\/div>\n\n\n\n<div class=\"wp-block-column is-layout-flow wp-block-column-is-layout-flow\">\n<figure class=\"wp-block-image size-large\"><img loading=\"lazy\" decoding=\"async\" width=\"750\" height=\"750\" src=\"http:\/\/primatoscana.no\/wp-content\/uploads\/2021\/04\/tema-prima2.jpg\" alt=\"The owners of Primatoscana - Holiday in Italia\" class=\"wp-image-17023\" srcset=\"https:\/\/primatoscana.no\/wp-content\/uploads\/2021\/04\/tema-prima2.jpg 750w, https:\/\/primatoscana.no\/wp-content\/uploads\/2021\/04\/tema-prima2-150x150.jpg 150w\" sizes=\"auto, (max-width: 750px) 100vw, 750px\" \/><figcaption class=\"wp-element-caption\">The owners of Primatoscana, Cecilie and Knut Roar Ulseth<\/figcaption><\/figure>\n<\/div>\n<\/div>\n","protected":false},"excerpt":{"rendered":"<p>All types of questions We respond to whether the accommodation is available during the period you require. We answer all types of &#8230;<\/p>\n","protected":false},"author":2,"featured_media":0,"parent":0,"menu_order":0,"comment_status":"closed","ping_status":"open","template":"","meta":{"_acf_changed":false,"footnotes":""},"class_list":["post-24237","page","type-page","status-publish","hentry"],"acf":[],"yoast_head":"<!-- This site is optimized with the Yoast SEO plugin v27.4 - https:\/\/yoast.com\/product\/yoast-seo-wordpress\/ -->\n<title>Vi svarer raskt tilbake p\u00e5 alle sp\u00f8rsm\u00e5l! Primatoscana<\/title>\n<meta name=\"description\" content=\"Vi responderer p\u00e5 om boligen er ledig i uken du \u00f8nsker. Vi svarer p\u00e5 alle typer sp\u00f8rsm\u00e5l s\u00e5 langt vi kan, og lover \u00e5 kommer med rask tilbakemelding.\" \/>\n<meta name=\"robots\" content=\"index, follow, max-snippet:-1, max-image-preview:large, max-video-preview:-1\" \/>\n<link rel=\"canonical\" href=\"https:\/\/primatoscana.no\/en\/contact\/\" \/>\n<meta property=\"og:locale\" content=\"en_US\" \/>\n<meta property=\"og:type\" content=\"article\" \/>\n<meta property=\"og:title\" content=\"Vi svarer raskt tilbake p\u00e5 alle sp\u00f8rsm\u00e5l! Primatoscana\" \/>\n<meta property=\"og:description\" content=\"Vi responderer p\u00e5 om boligen er ledig i uken du \u00f8nsker. Vi svarer p\u00e5 alle typer sp\u00f8rsm\u00e5l s\u00e5 langt vi kan, og lover \u00e5 kommer med rask tilbakemelding.\" \/>\n<meta property=\"og:url\" content=\"https:\/\/primatoscana.no\/en\/contact\/\" \/>\n<meta property=\"og:site_name\" content=\"Primatoscana\" \/>\n<meta property=\"article:publisher\" content=\"https:\/\/www.facebook.com\/Primatoscana\" \/>\n<meta property=\"article:modified_time\" content=\"2025-08-27T10:15:40+00:00\" \/>\n<meta property=\"og:image\" content=\"http:\/\/primatoscana.no\/wp-content\/uploads\/2021\/04\/tema-prima2.jpg\" \/>\n<meta name=\"twitter:label1\" content=\"Est. reading time\" \/>\n\t<meta name=\"twitter:data1\" content=\"1 minute\" \/>\n<script type=\"application\/ld+json\" class=\"yoast-schema-graph\">{\"@context\":\"https:\\\/\\\/schema.org\",\"@graph\":[{\"@type\":\"WebPage\",\"@id\":\"https:\\\/\\\/primatoscana.no\\\/en\\\/contact\\\/\",\"url\":\"https:\\\/\\\/primatoscana.no\\\/en\\\/contact\\\/\",\"name\":\"Vi svarer raskt tilbake p\u00e5 alle sp\u00f8rsm\u00e5l! Primatoscana\",\"isPartOf\":{\"@id\":\"https:\\\/\\\/primatoscana.no\\\/en\\\/#website\"},\"primaryImageOfPage\":{\"@id\":\"https:\\\/\\\/primatoscana.no\\\/en\\\/contact\\\/#primaryimage\"},\"image\":{\"@id\":\"https:\\\/\\\/primatoscana.no\\\/en\\\/contact\\\/#primaryimage\"},\"thumbnailUrl\":\"http:\\\/\\\/primatoscana.no\\\/wp-content\\\/uploads\\\/2021\\\/04\\\/tema-prima2.jpg\",\"datePublished\":\"2013-11-21T11:29:10+00:00\",\"dateModified\":\"2025-08-27T10:15:40+00:00\",\"description\":\"Vi responderer p\u00e5 om boligen er ledig i uken du \u00f8nsker. Vi svarer p\u00e5 alle typer sp\u00f8rsm\u00e5l s\u00e5 langt vi kan, og lover \u00e5 kommer med rask tilbakemelding.\",\"breadcrumb\":{\"@id\":\"https:\\\/\\\/primatoscana.no\\\/en\\\/contact\\\/#breadcrumb\"},\"inLanguage\":\"en-US\",\"potentialAction\":[{\"@type\":\"ReadAction\",\"target\":[\"https:\\\/\\\/primatoscana.no\\\/en\\\/contact\\\/\"]}]},{\"@type\":\"ImageObject\",\"inLanguage\":\"en-US\",\"@id\":\"https:\\\/\\\/primatoscana.no\\\/en\\\/contact\\\/#primaryimage\",\"url\":\"http:\\\/\\\/primatoscana.no\\\/wp-content\\\/uploads\\\/2021\\\/04\\\/tema-prima2.jpg\",\"contentUrl\":\"http:\\\/\\\/primatoscana.no\\\/wp-content\\\/uploads\\\/2021\\\/04\\\/tema-prima2.jpg\"},{\"@type\":\"BreadcrumbList\",\"@id\":\"https:\\\/\\\/primatoscana.no\\\/en\\\/contact\\\/#breadcrumb\",\"itemListElement\":[{\"@type\":\"ListItem\",\"position\":1,\"name\":\"HOME\",\"item\":\"https:\\\/\\\/primatoscana.no\\\/en\\\/\"},{\"@type\":\"ListItem\",\"position\":2,\"name\":\"Contact\"}]},{\"@type\":\"WebSite\",\"@id\":\"https:\\\/\\\/primatoscana.no\\\/en\\\/#website\",\"url\":\"https:\\\/\\\/primatoscana.no\\\/en\\\/\",\"name\":\"Primatoscana\",\"description\":\"Feriehus, villaer og leiligheter i Italia\",\"publisher\":{\"@id\":\"https:\\\/\\\/primatoscana.no\\\/en\\\/#organization\"},\"potentialAction\":[{\"@type\":\"SearchAction\",\"target\":{\"@type\":\"EntryPoint\",\"urlTemplate\":\"https:\\\/\\\/primatoscana.no\\\/en\\\/?s={search_term_string}\"},\"query-input\":{\"@type\":\"PropertyValueSpecification\",\"valueRequired\":true,\"valueName\":\"search_term_string\"}}],\"inLanguage\":\"en-US\"},{\"@type\":\"Organization\",\"@id\":\"https:\\\/\\\/primatoscana.no\\\/en\\\/#organization\",\"name\":\"Primatoscana AS\",\"url\":\"https:\\\/\\\/primatoscana.no\\\/en\\\/\",\"logo\":{\"@type\":\"ImageObject\",\"inLanguage\":\"en-US\",\"@id\":\"https:\\\/\\\/primatoscana.no\\\/en\\\/#\\\/schema\\\/logo\\\/image\\\/\",\"url\":\"https:\\\/\\\/primatoscana.no\\\/wp-content\\\/uploads\\\/2014\\\/11\\\/Logo_e-post1.gif\",\"contentUrl\":\"https:\\\/\\\/primatoscana.no\\\/wp-content\\\/uploads\\\/2014\\\/11\\\/Logo_e-post1.gif\",\"width\":350,\"height\":122,\"caption\":\"Primatoscana AS\"},\"image\":{\"@id\":\"https:\\\/\\\/primatoscana.no\\\/en\\\/#\\\/schema\\\/logo\\\/image\\\/\"},\"sameAs\":[\"https:\\\/\\\/www.facebook.com\\\/Primatoscana\"]}]}<\/script>\n<!-- \/ Yoast SEO plugin. -->","yoast_head_json":{"title":"Vi svarer raskt tilbake p\u00e5 alle sp\u00f8rsm\u00e5l! Primatoscana","description":"Vi responderer p\u00e5 om boligen er ledig i uken du \u00f8nsker. Vi svarer p\u00e5 alle typer sp\u00f8rsm\u00e5l s\u00e5 langt vi kan, og lover \u00e5 kommer med rask tilbakemelding.","robots":{"index":"index","follow":"follow","max-snippet":"max-snippet:-1","max-image-preview":"max-image-preview:large","max-video-preview":"max-video-preview:-1"},"canonical":"https:\/\/primatoscana.no\/en\/contact\/","og_locale":"en_US","og_type":"article","og_title":"Vi svarer raskt tilbake p\u00e5 alle sp\u00f8rsm\u00e5l! Primatoscana","og_description":"Vi responderer p\u00e5 om boligen er ledig i uken du \u00f8nsker. Vi svarer p\u00e5 alle typer sp\u00f8rsm\u00e5l s\u00e5 langt vi kan, og lover \u00e5 kommer med rask tilbakemelding.","og_url":"https:\/\/primatoscana.no\/en\/contact\/","og_site_name":"Primatoscana","article_publisher":"https:\/\/www.facebook.com\/Primatoscana","article_modified_time":"2025-08-27T10:15:40+00:00","og_image":[{"url":"http:\/\/primatoscana.no\/wp-content\/uploads\/2021\/04\/tema-prima2.jpg","type":"","width":"","height":""}],"twitter_misc":{"Est. reading time":"1 minute"},"schema":{"@context":"https:\/\/schema.org","@graph":[{"@type":"WebPage","@id":"https:\/\/primatoscana.no\/en\/contact\/","url":"https:\/\/primatoscana.no\/en\/contact\/","name":"Vi svarer raskt tilbake p\u00e5 alle sp\u00f8rsm\u00e5l! Primatoscana","isPartOf":{"@id":"https:\/\/primatoscana.no\/en\/#website"},"primaryImageOfPage":{"@id":"https:\/\/primatoscana.no\/en\/contact\/#primaryimage"},"image":{"@id":"https:\/\/primatoscana.no\/en\/contact\/#primaryimage"},"thumbnailUrl":"http:\/\/primatoscana.no\/wp-content\/uploads\/2021\/04\/tema-prima2.jpg","datePublished":"2013-11-21T11:29:10+00:00","dateModified":"2025-08-27T10:15:40+00:00","description":"Vi responderer p\u00e5 om boligen er ledig i uken du \u00f8nsker. Vi svarer p\u00e5 alle typer sp\u00f8rsm\u00e5l s\u00e5 langt vi kan, og lover \u00e5 kommer med rask tilbakemelding.","breadcrumb":{"@id":"https:\/\/primatoscana.no\/en\/contact\/#breadcrumb"},"inLanguage":"en-US","potentialAction":[{"@type":"ReadAction","target":["https:\/\/primatoscana.no\/en\/contact\/"]}]},{"@type":"ImageObject","inLanguage":"en-US","@id":"https:\/\/primatoscana.no\/en\/contact\/#primaryimage","url":"http:\/\/primatoscana.no\/wp-content\/uploads\/2021\/04\/tema-prima2.jpg","contentUrl":"http:\/\/primatoscana.no\/wp-content\/uploads\/2021\/04\/tema-prima2.jpg"},{"@type":"BreadcrumbList","@id":"https:\/\/primatoscana.no\/en\/contact\/#breadcrumb","itemListElement":[{"@type":"ListItem","position":1,"name":"HOME","item":"https:\/\/primatoscana.no\/en\/"},{"@type":"ListItem","position":2,"name":"Contact"}]},{"@type":"WebSite","@id":"https:\/\/primatoscana.no\/en\/#website","url":"https:\/\/primatoscana.no\/en\/","name":"Primatoscana","description":"Feriehus, villaer og leiligheter i Italia","publisher":{"@id":"https:\/\/primatoscana.no\/en\/#organization"},"potentialAction":[{"@type":"SearchAction","target":{"@type":"EntryPoint","urlTemplate":"https:\/\/primatoscana.no\/en\/?s={search_term_string}"},"query-input":{"@type":"PropertyValueSpecification","valueRequired":true,"valueName":"search_term_string"}}],"inLanguage":"en-US"},{"@type":"Organization","@id":"https:\/\/primatoscana.no\/en\/#organization","name":"Primatoscana AS","url":"https:\/\/primatoscana.no\/en\/","logo":{"@type":"ImageObject","inLanguage":"en-US","@id":"https:\/\/primatoscana.no\/en\/#\/schema\/logo\/image\/","url":"https:\/\/primatoscana.no\/wp-content\/uploads\/2014\/11\/Logo_e-post1.gif","contentUrl":"https:\/\/primatoscana.no\/wp-content\/uploads\/2014\/11\/Logo_e-post1.gif","width":350,"height":122,"caption":"Primatoscana AS"},"image":{"@id":"https:\/\/primatoscana.no\/en\/#\/schema\/logo\/image\/"},"sameAs":["https:\/\/www.facebook.com\/Primatoscana"]}]}},"_links":{"self":[{"href":"https:\/\/primatoscana.no\/en\/wp-json\/wp\/v2\/pages\/24237","targetHints":{"allow":["GET"]}}],"collection":[{"href":"https:\/\/primatoscana.no\/en\/wp-json\/wp\/v2\/pages"}],"about":[{"href":"https:\/\/primatoscana.no\/en\/wp-json\/wp\/v2\/types\/page"}],"author":[{"embeddable":true,"href":"https:\/\/primatoscana.no\/en\/wp-json\/wp\/v2\/users\/2"}],"replies":[{"embeddable":true,"href":"https:\/\/primatoscana.no\/en\/wp-json\/wp\/v2\/comments?post=24237"}],"version-history":[{"count":4,"href":"https:\/\/primatoscana.no\/en\/wp-json\/wp\/v2\/pages\/24237\/revisions"}],"predecessor-version":[{"id":37766,"href":"https:\/\/primatoscana.no\/en\/wp-json\/wp\/v2\/pages\/24237\/revisions\/37766"}],"wp:attachment":[{"href":"https:\/\/primatoscana.no\/en\/wp-json\/wp\/v2\/media?parent=24237"}],"curies":[{"name":"wp","href":"https:\/\/api.w.org\/{rel}","templated":true}]}}